{"id":45,"date":"2026-02-15T17:11:32","date_gmt":"2026-02-15T17:11:32","guid":{"rendered":"http:\/\/behavior-tools.com\/?page_id=45"},"modified":"2026-02-15T17:11:32","modified_gmt":"2026-02-15T17:11:32","slug":"aggression-assay-dyadic-fr","status":"publish","type":"page","link":"https:\/\/behavior-tools.com\/index.php\/aggression-assay-dyadic-fr\/","title":{"rendered":"AGGRESSION ASSAY (DYADIC) (FR)"},"content":{"rendered":"\n<h2 class=\"wp-block-heading\">R\u00e9sum\u00e9<\/h2>\n\n\n\n<p>Interaction directe entre deux individus pour mesurer dominance et hi\u00e9rarchie.<\/p>\n\n\n\n<hr class=\"wp-block-separator has-alpha-channel-opacity\"\/>\n\n\n\n<h3 class=\"wp-block-heading\">M\u00e9thodologie<\/h3>\n\n\n\n<ul class=\"wp-block-list\">\n<li>Cuve neutre<\/li>\n\n\n\n<li>Introduction simultan\u00e9e<\/li>\n\n\n\n<li>10 min enregistrement<\/li>\n<\/ul>\n\n\n\n<p>Param\u00e8tres :<\/p>\n\n\n\n<ul class=\"wp-block-list\">\n<li>Attaques<\/li>\n\n\n\n<li>Chasses<\/li>\n\n\n\n<li>Position dominante<\/li>\n\n\n\n<li>Cortisol post-test<\/li>\n<\/ul>\n\n\n\n<hr class=\"wp-block-separator has-alpha-channel-opacity\"\/>\n\n\n\n<h3 class=\"wp-block-heading\">R\u00e9f\u00e9rence cl\u00e9<\/h3>\n\n\n\n<p>Oliveira et al., 2011. <em>Hormones and Behavior<\/em><br>DOI: 10.1016\/j.yhbeh.2011.05.001<\/p>\n\n\n\n<hr class=\"wp-block-separator has-alpha-channel-opacity\"\/>\n\n\n\n<h3 class=\"wp-block-heading\">OCDE<\/h3>\n\n\n\n<p>Pertinent pour perturbateurs endocriniens.<\/p>\n","protected":false},"excerpt":{"rendered":"<p>R\u00e9sum\u00e9 Interaction directe entre deux individus pour mesurer dominance et hi\u00e9rarchie. M\u00e9thodologie Param\u00e8tres : R\u00e9f\u00e9rence cl\u00e9 Oliveira et al., 2011. Hormones and BehaviorDOI: 10.1016\/j.yhbeh.2011.05.001 OCDE Pertinent pour perturbateurs endocriniens.<\/p>\n","protected":false},"author":1,"featured_media":0,"parent":0,"menu_order":0,"comment_status":"closed","ping_status":"closed","template":"","meta":{"footnotes":""},"class_list":["post-45","page","type-page","status-publish","hentry"],"_links":{"self":[{"href":"https:\/\/behavior-tools.com\/index.php\/wp-json\/wp\/v2\/pages\/45","targetHints":{"allow":["GET"]}}],"collection":[{"href":"https:\/\/behavior-tools.com\/index.php\/wp-json\/wp\/v2\/pages"}],"about":[{"href":"https:\/\/behavior-tools.com\/index.php\/wp-json\/wp\/v2\/types\/page"}],"author":[{"embeddable":true,"href":"https:\/\/behavior-tools.com\/index.php\/wp-json\/wp\/v2\/users\/1"}],"replies":[{"embeddable":true,"href":"https:\/\/behavior-tools.com\/index.php\/wp-json\/wp\/v2\/comments?post=45"}],"version-history":[{"count":1,"href":"https:\/\/behavior-tools.com\/index.php\/wp-json\/wp\/v2\/pages\/45\/revisions"}],"predecessor-version":[{"id":46,"href":"https:\/\/behavior-tools.com\/index.php\/wp-json\/wp\/v2\/pages\/45\/revisions\/46"}],"wp:attachment":[{"href":"https:\/\/behavior-tools.com\/index.php\/wp-json\/wp\/v2\/media?parent=45"}],"curies":[{"name":"wp","href":"https:\/\/api.w.org\/{rel}","templated":true}]}}