{"id":47,"date":"2026-02-15T17:12:06","date_gmt":"2026-02-15T17:12:06","guid":{"rendered":"http:\/\/behavior-tools.com\/?page_id=47"},"modified":"2026-02-15T17:12:06","modified_gmt":"2026-02-15T17:12:06","slug":"boldness-test-fr","status":"publish","type":"page","link":"https:\/\/behavior-tools.com\/index.php\/boldness-test-fr\/","title":{"rendered":"BOLDNESS TEST (FR)"},"content":{"rendered":"\n<h2 class=\"wp-block-heading\">R\u00e9sum\u00e9<\/h2>\n\n\n\n<p>Mesure prise de risque face \u00e0 environnement inconnu.<\/p>\n\n\n\n<hr class=\"wp-block-separator has-alpha-channel-opacity\"\/>\n\n\n\n<h3 class=\"wp-block-heading\">M\u00e9thodologie<\/h3>\n\n\n\n<ul class=\"wp-block-list\">\n<li>Novel tank<\/li>\n\n\n\n<li>Latence exploration surface<\/li>\n\n\n\n<li>Distance centre<\/li>\n<\/ul>\n\n\n\n<hr class=\"wp-block-separator has-alpha-channel-opacity\"\/>\n\n\n\n<h3 class=\"wp-block-heading\">R\u00e9f\u00e9rence<\/h3>\n\n\n\n<p>Maximino et al., 2010.<br>DOI: 10.1016\/j.bbr.2009.12.031<\/p>\n\n\n\n<hr class=\"wp-block-separator has-alpha-channel-opacity\"\/>\n\n\n\n<h3 class=\"wp-block-heading\">OCDE<\/h3>\n\n\n\n<p>Endpoint comportemental compl\u00e9mentaire TG 203.<\/p>\n","protected":false},"excerpt":{"rendered":"<p>R\u00e9sum\u00e9 Mesure prise de risque face \u00e0 environnement inconnu. M\u00e9thodologie R\u00e9f\u00e9rence Maximino et al., 2010.DOI: 10.1016\/j.bbr.2009.12.031 OCDE Endpoint comportemental compl\u00e9mentaire TG 203.<\/p>\n","protected":false},"author":1,"featured_media":0,"parent":0,"menu_order":0,"comment_status":"closed","ping_status":"closed","template":"","meta":{"footnotes":""},"class_list":["post-47","page","type-page","status-publish","hentry"],"_links":{"self":[{"href":"https:\/\/behavior-tools.com\/index.php\/wp-json\/wp\/v2\/pages\/47","targetHints":{"allow":["GET"]}}],"collection":[{"href":"https:\/\/behavior-tools.com\/index.php\/wp-json\/wp\/v2\/pages"}],"about":[{"href":"https:\/\/behavior-tools.com\/index.php\/wp-json\/wp\/v2\/types\/page"}],"author":[{"embeddable":true,"href":"https:\/\/behavior-tools.com\/index.php\/wp-json\/wp\/v2\/users\/1"}],"replies":[{"embeddable":true,"href":"https:\/\/behavior-tools.com\/index.php\/wp-json\/wp\/v2\/comments?post=47"}],"version-history":[{"count":1,"href":"https:\/\/behavior-tools.com\/index.php\/wp-json\/wp\/v2\/pages\/47\/revisions"}],"predecessor-version":[{"id":48,"href":"https:\/\/behavior-tools.com\/index.php\/wp-json\/wp\/v2\/pages\/47\/revisions\/48"}],"wp:attachment":[{"href":"https:\/\/behavior-tools.com\/index.php\/wp-json\/wp\/v2\/media?parent=47"}],"curies":[{"name":"wp","href":"https:\/\/api.w.org\/{rel}","templated":true}]}}