{"id":53,"date":"2026-02-15T17:13:43","date_gmt":"2026-02-15T17:13:43","guid":{"rendered":"http:\/\/behavior-tools.com\/?page_id=53"},"modified":"2026-02-15T17:13:43","modified_gmt":"2026-02-15T17:13:43","slug":"embryo-toxicity-behavioral-assay-fr","status":"publish","type":"page","link":"https:\/\/behavior-tools.com\/index.php\/embryo-toxicity-behavioral-assay-fr\/","title":{"rendered":"EMBRYO TOXICITY BEHAVIORAL ASSAY (FR)"},"content":{"rendered":"\n<h2 class=\"wp-block-heading\">R\u00e9sum\u00e9<\/h2>\n\n\n\n<p>Compl\u00e9ment comportemental \u00e0 TG 236.<\/p>\n\n\n\n<hr class=\"wp-block-separator has-alpha-channel-opacity\"\/>\n\n\n\n<h3 class=\"wp-block-heading\">M\u00e9thodologie<\/h3>\n\n\n\n<ul class=\"wp-block-list\">\n<li>24\u201396 hpf<\/li>\n\n\n\n<li>Exposition continue<\/li>\n\n\n\n<li>Analyse activit\u00e9 motrice spontan\u00e9e<\/li>\n<\/ul>\n\n\n\n<hr class=\"wp-block-separator has-alpha-channel-opacity\"\/>\n\n\n\n<h3 class=\"wp-block-heading\">R\u00e9f\u00e9rence<\/h3>\n\n\n\n<p>Selderslaghs et al., 2010. <em>Toxicological Sciences<\/em><br>DOI: 10.1093\/toxsci\/kfq043<\/p>\n\n\n\n<hr class=\"wp-block-separator has-alpha-channel-opacity\"\/>\n\n\n\n<h3 class=\"wp-block-heading\">OCDE<\/h3>\n\n\n\n<p>Directement li\u00e9 \u00e0 :<\/p>\n\n\n\n<ul class=\"wp-block-list\">\n<li>OECD TG 236 (FET)<\/li>\n<\/ul>\n","protected":false},"excerpt":{"rendered":"<p>R\u00e9sum\u00e9 Compl\u00e9ment comportemental \u00e0 TG 236. M\u00e9thodologie R\u00e9f\u00e9rence Selderslaghs et al., 2010. Toxicological SciencesDOI: 10.1093\/toxsci\/kfq043 OCDE Directement li\u00e9 \u00e0 :<\/p>\n","protected":false},"author":1,"featured_media":0,"parent":0,"menu_order":0,"comment_status":"closed","ping_status":"closed","template":"","meta":{"footnotes":""},"class_list":["post-53","page","type-page","status-publish","hentry"],"_links":{"self":[{"href":"https:\/\/behavior-tools.com\/index.php\/wp-json\/wp\/v2\/pages\/53","targetHints":{"allow":["GET"]}}],"collection":[{"href":"https:\/\/behavior-tools.com\/index.php\/wp-json\/wp\/v2\/pages"}],"about":[{"href":"https:\/\/behavior-tools.com\/index.php\/wp-json\/wp\/v2\/types\/page"}],"author":[{"embeddable":true,"href":"https:\/\/behavior-tools.com\/index.php\/wp-json\/wp\/v2\/users\/1"}],"replies":[{"embeddable":true,"href":"https:\/\/behavior-tools.com\/index.php\/wp-json\/wp\/v2\/comments?post=53"}],"version-history":[{"count":1,"href":"https:\/\/behavior-tools.com\/index.php\/wp-json\/wp\/v2\/pages\/53\/revisions"}],"predecessor-version":[{"id":54,"href":"https:\/\/behavior-tools.com\/index.php\/wp-json\/wp\/v2\/pages\/53\/revisions\/54"}],"wp:attachment":[{"href":"https:\/\/behavior-tools.com\/index.php\/wp-json\/wp\/v2\/media?parent=53"}],"curies":[{"name":"wp","href":"https:\/\/api.w.org\/{rel}","templated":true}]}}